{"id":1013,"date":"2025-08-07T12:05:25","date_gmt":"2025-08-07T15:05:25","guid":{"rendered":"https:\/\/simposiozooplanctonneotropicalouropreto.com\/?page_id=1013"},"modified":"2025-08-30T18:03:31","modified_gmt":"2025-08-30T21:03:31","slug":"concurso","status":"publish","type":"page","link":"https:\/\/simposiozooplanctonneotropicalouropreto.com\/pt_br\/concurso\/","title":{"rendered":"concurso"},"content":{"rendered":"\t\t<div data-elementor-type=\"wp-page\" data-elementor-id=\"1013\" class=\"elementor elementor-1013\" data-elementor-post-type=\"page\">\n\t\t\t\t<div class=\"elementor-element elementor-element-614d443 e-flex e-con-boxed e-con e-parent\" data-id=\"614d443\" data-element_type=\"container\" data-e-type=\"container\" data-settings=\"{&quot;background_background&quot;:&quot;classic&quot;}\">\n\t\t\t\t\t<div class=\"e-con-inner\">\n\t\t\t\t\t<\/div>\n\t\t\t\t<\/div>\n\t\t<div class=\"elementor-element elementor-element-b47d0fc e-flex e-con-boxed e-con e-parent\" data-id=\"b47d0fc\" data-element_type=\"container\" data-e-type=\"container\" data-settings=\"{&quot;background_background&quot;:&quot;classic&quot;}\">\n\t\t\t\t\t<div class=\"e-con-inner\">\n\t\t\t\t<div class=\"elementor-element elementor-element-a11c5f3 elementor-widget elementor-widget-heading\" data-id=\"a11c5f3\" data-element_type=\"widget\" data-e-type=\"widget\" data-widget_type=\"heading.default\">\n\t\t\t\t<div class=\"elementor-widget-container\">\n\t\t\t\t\t<h2 class=\"elementor-heading-title elementor-size-default\">II Simp\u00f3sio Zoopl\u00e2ncton Neotropical<\/h2>\t\t\t\t<\/div>\n\t\t\t\t<\/div>\n\t\t\t\t<div class=\"elementor-element elementor-element-ac6f641 elementor-widget elementor-widget-heading\" data-id=\"ac6f641\" data-element_type=\"widget\" data-e-type=\"widget\" data-widget_type=\"heading.default\">\n\t\t\t\t<div class=\"elementor-widget-container\">\n\t\t\t\t\t<h3 class=\"elementor-heading-title elementor-size-default\">CONCURSO DE FOTOS DE Zoopl\u00e2ncton<\/h3>\t\t\t\t<\/div>\n\t\t\t\t<\/div>\n\t\t<div class=\"elementor-element elementor-element-2a9ddc7 e-con-full e-flex e-con e-child\" data-id=\"2a9ddc7\" data-element_type=\"container\" data-e-type=\"container\">\n\t\t\t\t<div class=\"elementor-element elementor-element-b856139 elementor-position-inline-start elementor-mobile-position-inline-start elementor-view-default elementor-widget elementor-widget-icon-box\" data-id=\"b856139\" data-element_type=\"widget\" data-e-type=\"widget\" data-widget_type=\"icon-box.default\">\n\t\t\t\t<div class=\"elementor-widget-container\">\n\t\t\t\t\t\t\t<div class=\"elementor-icon-box-wrapper\">\n\n\t\t\t\t\t\t<div class=\"elementor-icon-box-icon\">\n\t\t\t\t<span  class=\"elementor-icon\">\n\t\t\t\t<svg xmlns=\"http:\/\/www.w3.org\/2000\/svg\" xmlns:xlink=\"http:\/\/www.w3.org\/1999\/xlink\" width=\"512\" height=\"512\" x=\"0\" y=\"0\" viewBox=\"0 0 64 64\" style=\"enable-background:new 0 0 512 512\" xml:space=\"preserve\" class=\"\"><rect width=\"64\" height=\"64\" rx=\"12.8\" ry=\"12.8\" fill=\"#ceefff\"><\/rect><g transform=\"matrix(0.7,0,0,0.7,9.59999910593033,9.600000000000001)\"><path d=\"m61.13 36.21-2.35-.78A26.33 26.33 0 0 0 59 32a26.6 26.6 0 0 0-.22-3.44l2.35-.77a2 2 0 0 0 1.28-2.52l-1.85-5.7a2 2 0 0 0-1-1.17 2 2 0 0 0-1.56-.12l-2.32.72a26.62 26.62 0 0 0-4-5.56l1.45-2a2 2 0 0 0-.44-2.8l-4.9-3.48A2 2 0 0 0 45 5.6l-1.46 2A26.47 26.47 0 0 0 37 5.47V3a2 2 0 0 0-2-2h-6a2 2 0 0 0-2 2v2.47a26.35 26.35 0 0 0-6.55 2.13L19 5.6a2 2 0 0 0-2.79-.44l-4.86 3.52a2 2 0 0 0-.44 2.8l1.44 2a26.73 26.73 0 0 0-4 5.57L6 18.28a2 2 0 0 0-2.52 1.29l-1.85 5.7a2 2 0 0 0 1.28 2.52l2.35.78A26.33 26.33 0 0 0 5 32a26.6 26.6 0 0 0 .22 3.44l-2.35.77a2 2 0 0 0-1.28 2.52l1.85 5.7a2 2 0 0 0 1 1.17 2 2 0 0 0 1.56.12L8.32 45a26.62 26.62 0 0 0 4 5.56l-1.45 2a2 2 0 0 0 .44 2.8l4.86 3.52A2 2 0 0 0 19 58.4l1.46-2A26.47 26.47 0 0 0 27 58.53V61a2 2 0 0 0 2 2h6a2 2 0 0 0 2-2v-2.47a26.35 26.35 0 0 0 6.54-2.13l1.45 2a2 2 0 0 0 2.79.44l4.86-3.52a2 2 0 0 0 .44-2.8l-1.44-2a26.73 26.73 0 0 0 4-5.57l2.36.77a2 2 0 0 0 2.52-1.29l1.85-5.7a2 2 0 0 0-1.24-2.52Zm-2.48 7.6-2.35-.76a2 2 0 0 0-2.37 1 25.29 25.29 0 0 1-3.74 5.15 2 2 0 0 0-.19 2.5l1.45 2-4.85 3.52-1.45-2a2 2 0 0 0-2.49-.62 24.55 24.55 0 0 1-6 2 2 2 0 0 0-1.64 2V61H29v-2.47a2 2 0 0 0-1.64-2 24.76 24.76 0 0 1-6.05-2 2 2 0 0 0-2.47.62l-1.46 2-4.85-3.45 1.45-2a2 2 0 0 0-.17-2.55A25.29 25.29 0 0 1 10.07 44a2 2 0 0 0-2.37-1l-2.35.77-1.86-5.66 2.35-.77a2 2 0 0 0 1.36-2.16 25.38 25.38 0 0 1 0-6.36 2 2 0 0 0-1.36-2.16l-2.35-.77 1.86-5.7L7.7 21a2 2 0 0 0 2.37-1 25.29 25.29 0 0 1 3.74-5.15A2 2 0 0 0 14 12.3l-1.45-2 4.85-3.52 1.45 2a2 2 0 0 0 2.49.62 24.55 24.55 0 0 1 6-2 2 2 0 0 0 1.64-2V3h6v2.47a2 2 0 0 0 1.64 2 24.76 24.76 0 0 1 6 2 2 2 0 0 0 2.47-.62l1.46-2 4.85 3.53L50 12.3a2 2 0 0 0 .17 2.55A25.29 25.29 0 0 1 53.93 20a2 2 0 0 0 2.37 1l2.35-.77 1.86 5.71-2.35.77a2 2 0 0 0-1.36 2.16 25.38 25.38 0 0 1 0 6.36 2 2 0 0 0 1.36 2.16l2.35.77Z\" fill=\"#3c67ad\" opacity=\"1\" data-original=\"#000000\" class=\"\"><\/path><path d=\"M18.56 18.56a19.11 19.11 0 0 1 24.52-2H40.3v2h6.1a1 1 0 0 0 .94-1.34l-2.08-5.74-1.88.69 1 2.89A21 21 0 0 0 14 42.89l1.71-1a19 19 0 0 1 2.85-23.33ZM48.25 22.15A19 19 0 0 1 21 47.43h2.77v-2h-6.1a1 1 0 0 0-.94 1.35l2.08 5.73 1.88-.68-1.06-2.91A21 21 0 0 0 50 21.11Z\" fill=\"#3c67ad\" opacity=\"1\" data-original=\"#000000\" class=\"\"><\/path><path d=\"M18 34v5a1 1 0 0 0 1 1h7a1 1 0 0 0 1 1h10a1 1 0 0 0 1-1h7a1 1 0 0 0 1-1v-5a4 4 0 0 0-2.8-3.8 3.5 3.5 0 1 0-4.4 0 4 4 0 0 0-1.66 1 5 5 0 0 0-2.78-2 4 4 0 1 0-4.72 0 5 5 0 0 0-2.78 2 4 4 0 0 0-1.66-1 3.5 3.5 0 1 0-4.4 0A4 4 0 0 0 18 34Zm23-8a1.5 1.5 0 1 1-1.5 1.5A1.5 1.5 0 0 1 41 26Zm-3 8a2 2 0 0 1 2-2h2a2 2 0 0 1 2 2v4h-6Zm-6-10a2 2 0 1 1-2 2 2 2 0 0 1 2-2Zm-4 10a3 3 0 0 1 3-3h2a3 3 0 0 1 3 3v5h-8Zm-5-8a1.5 1.5 0 1 1-1.5 1.5A1.5 1.5 0 0 1 23 26Zm-3 8a2 2 0 0 1 2-2h2a2 2 0 0 1 2 2v4h-6Z\" fill=\"#3c67ad\" opacity=\"1\" data-original=\"#000000\" class=\"\"><\/path><\/g><\/svg>\t\t\t\t<\/span>\n\t\t\t<\/div>\n\t\t\t\n\t\t\t\t\t\t<div class=\"elementor-icon-box-content\">\n\n\t\t\t\t\t\t\t\t\t<h3 class=\"elementor-icon-box-title\">\n\t\t\t\t\t\t<span  >\n\t\t\t\t\t\t\t<b>Organiza\u00e7\u00e3o:<\/b> Rede de Zoopl\u00e2ncton Neotropical\t\t\t\t\t\t<\/span>\n\t\t\t\t\t<\/h3>\n\t\t\t\t\n\t\t\t\t\n\t\t\t<\/div>\n\t\t\t\n\t\t<\/div>\n\t\t\t\t\t\t<\/div>\n\t\t\t\t<\/div>\n\t\t\t\t<div class=\"elementor-element elementor-element-5bd767a elementor-position-inline-start elementor-mobile-position-inline-start elementor-view-default elementor-widget elementor-widget-icon-box\" data-id=\"5bd767a\" data-element_type=\"widget\" data-e-type=\"widget\" data-widget_type=\"icon-box.default\">\n\t\t\t\t<div class=\"elementor-widget-container\">\n\t\t\t\t\t\t\t<div class=\"elementor-icon-box-wrapper\">\n\n\t\t\t\t\t\t<div class=\"elementor-icon-box-icon\">\n\t\t\t\t<span  class=\"elementor-icon\">\n\t\t\t\t<svg xmlns=\"http:\/\/www.w3.org\/2000\/svg\" xmlns:xlink=\"http:\/\/www.w3.org\/1999\/xlink\" width=\"512\" height=\"512\" x=\"0\" y=\"0\" viewBox=\"0 0 32 32\" style=\"enable-background:new 0 0 512 512\" xml:space=\"preserve\" class=\"\"><rect width=\"32\" height=\"32\" rx=\"6.4\" ry=\"6.4\" fill=\"#ceefff\"><\/rect><g transform=\"matrix(0.7,0,0,0.7,4.810449028015137,4.80048440694809)\"><path d=\"M7.345 31.04c-7.853-.588-5.347-12.174 2.06-9.49l2.162-3.836a8.345 8.345 0 0 1-1.152-.897c-.683.164-1.512 1.269-2.354.124l-1.287-2.233a1.057 1.057 0 0 1 .384-1.436l.858-.498a8.812 8.812 0 0 1 .021-3.767c-.07-.132-.195-.17-.344-.251-.65-.307-1.388-.877-.923-1.74l1.275-2.218a1.05 1.05 0 0 1 .64-.491c.539-.207 1.223.383 1.668.604a8.83 8.83 0 0 1 3.263-1.869c.165-.536-.158-1.249.351-1.774a1.007 1.007 0 0 1 .74-.31h2.576c1.377.08 1.087 1.656.956 2.563l.145-.479a8.266 8.266 0 0 1 3.198 1.853c.147.008.247-.085.391-.174.591-.413 1.46-.771 1.976.069l1.277 2.217a1.057 1.057 0 0 1-.384 1.436l-.858.498a8.716 8.716 0 0 1-.021 3.767c.02.138.25.18.346.252.65.307 1.385.876.921 1.74l-1.275 2.217c-.623.996-1.588.33-2.269-.092l-.1-.007a8.454 8.454 0 0 1-1.153.897l2.158 3.83c5.297-2.192 9.634 4.896 4.963 8.468-2.811 2.395-7.705.363-7.876-3.429h-7.325a4.988 4.988 0 0 1-5.008 4.455zm15.766-1.275a3.986 3.986 0 0 0 3.58-.374 2.105 2.105 0 0 0-1.11-2.039 2.043 2.043 0 0 1-1.998-.004 2.109 2.109 0 0 0-1.108 2.08 3.618 3.618 0 0 0 .636.337zm-17.057.038a3.993 3.993 0 0 0 3.479-.407 2.104 2.104 0 0 0-1.111-2.043 2.046 2.046 0 0 1-1.998-.005 2.11 2.11 0 0 0-1.11 2.074 3.615 3.615 0 0 0 .74.38zm15.083-5.642a4.154 4.154 0 0 0 .38 4.457 3.139 3.139 0 0 1 1.316-1.989 2.07 2.07 0 0 1 1.753-3.08 2.04 2.04 0 0 1 1.733 3.079 3.094 3.094 0 0 1 1.314 1.951c3.433-4.488-3.594-9.247-6.496-4.418zM7.391 22.145a3.97 3.97 0 0 0-3.03 6.459 3.136 3.136 0 0 1 1.313-1.975 2.073 2.073 0 0 1 1.753-3.08 2.04 2.04 0 0 1 1.734 3.079 3.095 3.095 0 0 1 1.316 1.96c2.165-2.408.128-6.6-3.086-6.443zm-.589 4.252a1.014 1.014 0 0 0 1.232.008 1.028 1.028 0 1 0-1.232-.008zm17.076-.055a1.048 1.048 0 0 0 1.315.063v-.001l.002-.001v-.001h.001V26.4h.002V26.4l.001-.001a1.031 1.031 0 1 0-1.32-.057zm-11.538-.758h7.321a4.99 4.99 0 0 1 2.057-3.551l-2.155-3.826a7.925 7.925 0 0 1-1.174.466c-.123.185-.002.697-.053 1.01 0 .41.097 1.059-.5 1.074h-3.672c-.846.001-.361-1.513-.527-2.076a7.861 7.861 0 0 1-1.2-.474l-2.161 3.836a4.952 4.952 0 0 1 2.064 3.541zm2.377-5.827h2.566c.09-.078.043-.572.053-.686.03-.43-.167-1.11.387-1.253a6.9 6.9 0 0 0 1.75-.692c1.079-.476 1.778-1.995 3.04-.974a1.869 1.869 0 0 0 .575.286l1.27-2.229c-.125-.23-.704-.422-.919-.598a1.037 1.037 0 0 1-.45-1.13 7.116 7.116 0 0 0 0-3.246 1.057 1.057 0 0 1 .492-1.158l.858-.498-1.252-2.282c-.265-.018-.72.409-.985.504a1.03 1.03 0 0 1-1.2-.174A7.258 7.258 0 0 0 18.094 4a1.05 1.05 0 0 1-.758-1.005 5.099 5.099 0 0 0-.037-1.047l-2.582.011c-.136.223-.011.812-.056 1.085a1.033 1.033 0 0 1-.754.956 7.257 7.257 0 0 0-2.809 1.628 1.052 1.052 0 0 1-1.245.15l-.867-.5-1.344 2.23c.028.108.356.28.514.363a1.188 1.188 0 0 1 .856 1.359 7.33 7.33 0 0 0-.19 1.629c-.123.886.697 2.182-.303 2.78l-.858.498 1.252 2.282c.65-.142 1.336-1.093 2.185-.33a7.234 7.234 0 0 0 3.18 1.73c.438.087.395.592.386.933.05.329-.072.818.053 1.006zm1.198-3.623a5.226 5.226 0 0 1-4.93-6.794c1.722-5.816 10.236-4.479 10.285 1.516a5.285 5.285 0 0 1-5.355 5.278zM14.52 14.88a4.32 4.32 0 0 0 3.785-.456 2.3 2.3 0 0 0-1.231-2.256 2.157 2.157 0 0 1-2.144-.004 2.304 2.304 0 0 0-1.228 2.294 3.877 3.877 0 0 0 .818.422zm1.445-8.304a4.306 4.306 0 0 0-3.232 7.067 3.329 3.329 0 0 1 1.44-2.198 2.18 2.18 0 0 1 1.832-3.284 2.156 2.156 0 0 1 1.813 3.283 3.29 3.29 0 0 1 1.442 2.17 4.298 4.298 0 0 0-3.295-7.038zm-.657 4.635a1.129 1.129 0 0 0 1.38.004h.002l.001-.002.001-.001.002-.001v-.001h.001l.001-.001.001-.001a1.143 1.143 0 1 0-1.389.003z\" fill=\"#3c67ad\" opacity=\"1\" data-original=\"#000000\" class=\"\"><\/path><\/g><\/svg>\t\t\t\t<\/span>\n\t\t\t<\/div>\n\t\t\t\n\t\t\t\t\t\t<div class=\"elementor-icon-box-content\">\n\n\t\t\t\t\t\t\t\t\t<h3 class=\"elementor-icon-box-title\">\n\t\t\t\t\t\t<span  >\n\t\t\t\t\t\t\t<b>Inscri\u00e7\u00f5es:<\/b> Abertas de 18 a 29 de agosto \t\t\t\t\t\t<\/span>\n\t\t\t\t\t<\/h3>\n\t\t\t\t\n\t\t\t\t\n\t\t\t<\/div>\n\t\t\t\n\t\t<\/div>\n\t\t\t\t\t\t<\/div>\n\t\t\t\t<\/div>\n\t\t\t\t<\/div>\n\t\t\t\t<div class=\"elementor-element elementor-element-4968035 elementor-widget-divider--view-line elementor-widget elementor-widget-divider\" data-id=\"4968035\" data-element_type=\"widget\" data-e-type=\"widget\" data-widget_type=\"divider.default\">\n\t\t\t\t<div class=\"elementor-widget-container\">\n\t\t\t\t\t\t\t<div class=\"elementor-divider\">\n\t\t\t<span class=\"elementor-divider-separator\">\n\t\t\t\t\t\t<\/span>\n\t\t<\/div>\n\t\t\t\t\t\t<\/div>\n\t\t\t\t<\/div>\n\t\t\t\t<div class=\"elementor-element elementor-element-f3c0ae5 elementor-widget elementor-widget-text-editor\" data-id=\"f3c0ae5\" data-element_type=\"widget\" data-e-type=\"widget\" data-widget_type=\"text-editor.default\">\n\t\t\t\t<div class=\"elementor-widget-container\">\n\t\t\t\t\t\t\t\t\t<p>Durante o nosso simp\u00f3sio, convidamos voc\u00ea a participar do <strong>Concurso de Fotos de Zoopl\u00e2ncton<\/strong>, uma oportunidade para destacar a beleza e diversidade desses organismos fascinantes por meio de imagens cient\u00edficas e criativas.<\/p><p>A vota\u00e7\u00e3o ser\u00e1 realizada no nosso perfil oficial no <strong>Instagram (@iiszn.op)<\/strong>, durante os dias do simp\u00f3sio e a imagem que receber o <strong>maior n\u00famero de curtidas<\/strong> ser\u00e1 a grande vencedora do concurso.<\/p><p><strong>Participe dessa celebra\u00e7\u00e3o visual da biodiversidade do zoopl\u00e2ncton!<\/strong><\/p><p><strong>Regras para participa\u00e7\u00e3o:<\/strong><\/p><ul><li>A imagem deve ter resolu\u00e7\u00e3o m\u00ednima de 300 dpi.<\/li><li>Cada participante poder\u00e1 enviar apenas 1 foto por e-mail.<\/li><li>A divulga\u00e7\u00e3o ser\u00e1 an\u00f4nima durante o processo de avalia\u00e7\u00e3o. Os inscritos no concurso ser\u00e3o identificados atrav\u00e9s de um c\u00f3digo aleat\u00f3rio, garantindo o anonimato das imagens.<\/li><li>A foto deve representar o animal em sua colora\u00e7\u00e3o natural, sem o uso de corantes ou altera\u00e7\u00f5es artificiais.<\/li><li>\u00c9 obrigat\u00f3rio o envio de um t\u00edtulo para a imagem.<\/li><li>\u00c9 altamente recomendada a identifica\u00e7\u00e3o cient\u00edfica do esp\u00e9cime fotografado.<\/li><\/ul><p><strong>Inscri\u00e7\u00f5es encerradas!<\/strong><\/p>\t\t\t\t\t\t\t\t<\/div>\n\t\t\t\t<\/div>\n\t\t\t\t<div class=\"elementor-element elementor-element-d324367 elementor-hidden-desktop elementor-hidden-tablet elementor-hidden-mobile elementor-button-align-stretch elementor-widget elementor-widget-form\" data-id=\"d324367\" data-element_type=\"widget\" data-e-type=\"widget\" data-settings=\"{&quot;step_next_label&quot;:&quot;Pr\\u00f3ximo&quot;,&quot;step_previous_label&quot;:&quot;Anterior&quot;,&quot;button_width&quot;:&quot;100&quot;,&quot;step_type&quot;:&quot;number_text&quot;,&quot;step_icon_shape&quot;:&quot;circle&quot;}\" data-widget_type=\"form.default\">\n\t\t\t\t<div class=\"elementor-widget-container\">\n\t\t\t\t\t\t\t<form class=\"elementor-form\" method=\"post\" name=\"Concurso\" aria-label=\"Concurso\">\n\t\t\t<input type=\"hidden\" name=\"post_id\" value=\"1013\"\/>\n\t\t\t<input type=\"hidden\" name=\"form_id\" value=\"d324367\"\/>\n\t\t\t<input type=\"hidden\" name=\"referer_title\" value=\"\" \/>\n\n\t\t\t\n\t\t\t<div class=\"elementor-form-fields-wrapper elementor-labels-above\">\n\t\t\t\t\t\t\t\t<div class=\"elementor-field-type-text elementor-field-group elementor-column elementor-field-group-name elementor-col-100 elementor-field-required\">\n\t\t\t\t\t\t\t\t\t\t\t\t<label for=\"form-field-name\" class=\"elementor-field-label\">\n\t\t\t\t\t\t\t\tNome\t\t\t\t\t\t\t<\/label>\n\t\t\t\t\t\t\t\t\t\t\t\t\t\t<input size=\"1\" type=\"text\" name=\"form_fields[name]\" id=\"form-field-name\" class=\"elementor-field elementor-size-sm  elementor-field-textual\" placeholder=\"Nome completo\" required=\"required\">\n\t\t\t\t\t\t\t\t\t\t\t<\/div>\n\t\t\t\t\t\t\t\t<div class=\"elementor-field-type-email elementor-field-group elementor-column elementor-field-group-email elementor-col-100 elementor-field-required\">\n\t\t\t\t\t\t\t\t\t\t\t\t<label for=\"form-field-email\" class=\"elementor-field-label\">\n\t\t\t\t\t\t\t\tE-mail\t\t\t\t\t\t\t<\/label>\n\t\t\t\t\t\t\t\t\t\t\t\t\t\t<input size=\"1\" type=\"email\" name=\"form_fields[email]\" id=\"form-field-email\" class=\"elementor-field elementor-size-sm  elementor-field-textual\" placeholder=\"O envio do certificado ser\u00e1 feito neste e-mail\" required=\"required\">\n\t\t\t\t\t\t\t\t\t\t\t<\/div>\n\t\t\t\t\t\t\t\t<div class=\"elementor-field-type-text elementor-field-group elementor-column elementor-field-group-titulo elementor-col-100 elementor-field-required\">\n\t\t\t\t\t\t\t\t\t\t\t\t<label for=\"form-field-titulo\" class=\"elementor-field-label\">\n\t\t\t\t\t\t\t\tT\u00edtulo para a imagem\t\t\t\t\t\t\t<\/label>\n\t\t\t\t\t\t\t\t\t\t\t\t\t\t<input size=\"1\" type=\"text\" name=\"form_fields[titulo]\" id=\"form-field-titulo\" class=\"elementor-field elementor-size-sm  elementor-field-textual\" placeholder=\"T\u00ectulo para apresenta\u00e7\u00e3o da imagem\" required=\"required\">\n\t\t\t\t\t\t\t\t\t\t\t<\/div>\n\t\t\t\t\t\t\t\t<div class=\"elementor-field-type-upload elementor-field-group elementor-column elementor-field-group-Foto elementor-col-100 elementor-field-required\">\n\t\t\t\t\t\t\t\t\t\t\t\t<label for=\"form-field-Foto\" class=\"elementor-field-label\">\n\t\t\t\t\t\t\t\tEnviar Foto\t\t\t\t\t\t\t<\/label>\n\t\t\t\t\t\t\t\t<input type=\"file\" name=\"form_fields[Foto]\" id=\"form-field-Foto\" class=\"elementor-field elementor-size-sm  elementor-upload-field\" required=\"required\">\n\n\t\t\t\t\t\t<\/div>\n\t\t\t\t\t\t\t\t<div class=\"elementor-field-group elementor-column elementor-field-type-submit elementor-col-100 e-form__buttons\">\n\t\t\t\t\t<button class=\"elementor-button elementor-size-sm\" type=\"submit\">\n\t\t\t\t\t\t<span class=\"elementor-button-content-wrapper\">\n\t\t\t\t\t\t\t\t\t\t\t\t\t\t\t\t\t\t\t\t\t\t<span class=\"elementor-button-text\">Enviar<\/span>\n\t\t\t\t\t\t\t\t\t\t\t\t\t<\/span>\n\t\t\t\t\t<\/button>\n\t\t\t\t<\/div>\n\t\t\t<\/div>\n\t\t<\/form>\n\t\t\t\t\t\t<\/div>\n\t\t\t\t<\/div>\n\t\t\t\t<div class=\"elementor-element elementor-element-5d4c0d3 elementor-widget-divider--view-line elementor-widget elementor-widget-divider\" data-id=\"5d4c0d3\" data-element_type=\"widget\" data-e-type=\"widget\" data-widget_type=\"divider.default\">\n\t\t\t\t<div class=\"elementor-widget-container\">\n\t\t\t\t\t\t\t<div class=\"elementor-divider\">\n\t\t\t<span class=\"elementor-divider-separator\">\n\t\t\t\t\t\t<\/span>\n\t\t<\/div>\n\t\t\t\t\t\t<\/div>\n\t\t\t\t<\/div>\n\t\t\t\t\t<\/div>\n\t\t\t\t<\/div>\n\t\t<div class=\"elementor-element elementor-element-510af01 e-flex e-con-boxed e-con e-parent\" data-id=\"510af01\" data-element_type=\"container\" data-e-type=\"container\" data-settings=\"{&quot;background_background&quot;:&quot;classic&quot;}\">\n\t\t\t\t\t<div class=\"e-con-inner\">\n\t\t\t\t<div class=\"elementor-element elementor-element-19902df elementor-widget elementor-widget-heading\" data-id=\"19902df\" data-element_type=\"widget\" data-e-type=\"widget\" data-widget_type=\"heading.default\">\n\t\t\t\t<div class=\"elementor-widget-container\">\n\t\t\t\t\t<h3 class=\"elementor-heading-title elementor-size-default\">Patrocinadores<\/h3>\t\t\t\t<\/div>\n\t\t\t\t<\/div>\n\t\t\t\t<div class=\"elementor-element elementor-element-62667a5 elementor-arrows-position-outside elementor-widget elementor-widget-image-carousel\" data-id=\"62667a5\" data-element_type=\"widget\" data-e-type=\"widget\" data-settings=\"{&quot;slides_to_show&quot;:&quot;4&quot;,&quot;navigation&quot;:&quot;arrows&quot;,&quot;autoplay&quot;:&quot;yes&quot;,&quot;pause_on_hover&quot;:&quot;yes&quot;,&quot;pause_on_interaction&quot;:&quot;yes&quot;,&quot;autoplay_speed&quot;:5000,&quot;infinite&quot;:&quot;yes&quot;,&quot;speed&quot;:500,&quot;image_spacing_custom&quot;:{&quot;unit&quot;:&quot;px&quot;,&quot;size&quot;:20,&quot;sizes&quot;:[]},&quot;image_spacing_custom_tablet&quot;:{&quot;unit&quot;:&quot;px&quot;,&quot;size&quot;:&quot;&quot;,&quot;sizes&quot;:[]},&quot;image_spacing_custom_mobile&quot;:{&quot;unit&quot;:&quot;px&quot;,&quot;size&quot;:&quot;&quot;,&quot;sizes&quot;:[]}}\" data-widget_type=\"image-carousel.default\">\n\t\t\t\t<div class=\"elementor-widget-container\">\n\t\t\t\t\t\t\t<div class=\"elementor-image-carousel-wrapper swiper\" role=\"region\" aria-roledescription=\"carousel\" aria-label=\"Carrossel de imagens\" dir=\"ltr\">\n\t\t\t<div class=\"elementor-image-carousel swiper-wrapper\" aria-live=\"off\">\n\t\t\t\t\t\t\t\t<div class=\"swiper-slide\" role=\"group\" aria-roledescription=\"slide\" aria-label=\"1 de 5\"><figure class=\"swiper-slide-inner\"><img decoding=\"async\" class=\"swiper-slide-image\" src=\"https:\/\/simposiozooplanctonneotropicalouropreto.com\/wp-content\/uploads\/2025\/04\/Amplo-250px-e1745287103246.png\" alt=\"Amplo 250px\" \/><\/figure><\/div><div class=\"swiper-slide\" role=\"group\" aria-roledescription=\"slide\" aria-label=\"2 de 5\"><figure class=\"swiper-slide-inner\"><img decoding=\"async\" class=\"swiper-slide-image\" src=\"https:\/\/simposiozooplanctonneotropicalouropreto.com\/wp-content\/uploads\/2025\/05\/Fapemig250x250-e1747926068784.png\" alt=\"Fapemig250x250\" \/><\/figure><\/div><div class=\"swiper-slide\" role=\"group\" aria-roledescription=\"slide\" aria-label=\"3 de 5\"><figure class=\"swiper-slide-inner\"><img decoding=\"async\" class=\"swiper-slide-image\" src=\"https:\/\/simposiozooplanctonneotropicalouropreto.com\/wp-content\/uploads\/2025\/06\/Logo-pos-250px-1-removebg-preview.png\" alt=\"Logo-pos-250px-1-removebg-preview\" \/><\/figure><\/div><div class=\"swiper-slide\" role=\"group\" aria-roledescription=\"slide\" aria-label=\"4 de 5\"><figure class=\"swiper-slide-inner\"><img decoding=\"async\" class=\"swiper-slide-image\" src=\"https:\/\/simposiozooplanctonneotropicalouropreto.com\/wp-content\/uploads\/2025\/06\/Capes-removebg-preview.png\" alt=\"Capes-removebg-preview\" \/><\/figure><\/div><div class=\"swiper-slide\" role=\"group\" aria-roledescription=\"slide\" aria-label=\"5 de 5\"><figure class=\"swiper-slide-inner\"><img decoding=\"async\" class=\"swiper-slide-image\" src=\"https:\/\/simposiozooplanctonneotropicalouropreto.com\/wp-content\/uploads\/2025\/06\/ABLimno-e1745286070853-removebg-preview.png\" alt=\"ABLimno-e1745286070853-removebg-preview\" \/><\/figure><\/div>\t\t\t<\/div>\n\t\t\t\t\t\t\t\t\t\t\t\t<div class=\"elementor-swiper-button elementor-swiper-button-prev\" role=\"button\" tabindex=\"0\">\n\t\t\t\t\t\t<svg aria-hidden=\"true\" class=\"e-font-icon-svg e-eicon-chevron-left\" viewBox=\"0 0 1000 1000\" xmlns=\"http:\/\/www.w3.org\/2000\/svg\"><path d=\"M646 125C629 125 613 133 604 142L308 442C296 454 292 471 292 487 292 504 296 521 308 533L604 854C617 867 629 875 646 875 663 875 679 871 692 858 704 846 713 829 713 812 713 796 708 779 692 767L438 487 692 225C700 217 708 204 708 187 708 171 704 154 692 142 675 129 663 125 646 125Z\"><\/path><\/svg>\t\t\t\t\t<\/div>\n\t\t\t\t\t<div class=\"elementor-swiper-button elementor-swiper-button-next\" role=\"button\" tabindex=\"0\">\n\t\t\t\t\t\t<svg aria-hidden=\"true\" class=\"e-font-icon-svg e-eicon-chevron-right\" viewBox=\"0 0 1000 1000\" xmlns=\"http:\/\/www.w3.org\/2000\/svg\"><path d=\"M696 533C708 521 713 504 713 487 713 471 708 454 696 446L400 146C388 133 375 125 354 125 338 125 325 129 313 142 300 154 292 171 292 187 292 204 296 221 308 233L563 492 304 771C292 783 288 800 288 817 288 833 296 850 308 863 321 871 338 875 354 875 371 875 388 867 400 854L696 533Z\"><\/path><\/svg>\t\t\t\t\t<\/div>\n\t\t\t\t\n\t\t\t\t\t\t\t\t\t<\/div>\n\t\t\t\t\t\t<\/div>\n\t\t\t\t<\/div>\n\t\t\t\t\t<\/div>\n\t\t\t\t<\/div>\n\t\t\t\t<\/div>\n\t\t","protected":false},"excerpt":{"rendered":"<p>II Simp\u00f3sio Zoopl\u00e2ncton Neotropical CONCURSO DE FOTOS DE Zoopl\u00e2ncton Organiza\u00e7\u00e3o: Rede de Zoopl\u00e2ncton Neotropical Inscri\u00e7\u00f5es: Abertas de 18 a 29 [&hellip;]<\/p>\n","protected":false},"author":1,"featured_media":0,"parent":0,"menu_order":0,"comment_status":"closed","ping_status":"closed","template":"","meta":{"site-sidebar-layout":"no-sidebar","site-content-layout":"","ast-site-content-layout":"full-width-container","site-content-style":"default","site-sidebar-style":"default","ast-global-header-display":"","ast-banner-title-visibility":"","ast-main-header-display":"","ast-hfb-above-header-display":"","ast-hfb-below-header-display":"","ast-hfb-mobile-header-display":"","site-post-title":"disabled","ast-breadcrumbs-content":"","ast-featured-img":"disabled","footer-sml-layout":"","ast-disable-related-posts":"","theme-transparent-header-meta":"","adv-header-id-meta":"","stick-header-meta":"","header-above-stick-meta":"","header-main-stick-meta":"","header-below-stick-meta":"","astra-migrate-meta-layouts":"default","ast-page-background-enabled":"default","ast-page-background-meta":{"desktop":{"background-color":"var(--ast-global-color-5)","background-image":"","background-repeat":"repeat","background-position":"center center","background-size":"auto","background-attachment":"scroll","background-type":"","background-media":"","overlay-type":"","overlay-color":"","overlay-opacity":"","overlay-gradient":""},"tablet":{"background-color":"","background-image":"","background-repeat":"repeat","background-position":"center center","background-size":"auto","background-attachment":"scroll","background-type":"","background-media":"","overlay-type":"","overlay-color":"","overlay-opacity":"","overlay-gradient":""},"mobile":{"background-color":"","background-image":"","background-repeat":"repeat","background-position":"center center","background-size":"auto","background-attachment":"scroll","background-type":"","background-media":"","overlay-type":"","overlay-color":"","overlay-opacity":"","overlay-gradient":""}},"ast-content-background-meta":{"desktop":{"background-color":"var(--ast-global-color-4)","background-image":"","background-repeat":"repeat","background-position":"center center","background-size":"auto","background-attachment":"scroll","background-type":"","background-media":"","overlay-type":"","overlay-color":"","overlay-opacity":"","overlay-gradient":""},"tablet":{"background-color":"var(--ast-global-color-4)","background-image":"","background-repeat":"repeat","background-position":"center center","background-size":"auto","background-attachment":"scroll","background-type":"","background-media":"","overlay-type":"","overlay-color":"","overlay-opacity":"","overlay-gradient":""},"mobile":{"background-color":"var(--ast-global-color-4)","background-image":"","background-repeat":"repeat","background-position":"center center","background-size":"auto","background-attachment":"scroll","background-type":"","background-media":"","overlay-type":"","overlay-color":"","overlay-opacity":"","overlay-gradient":""}},"footnotes":""},"class_list":["post-1013","page","type-page","status-publish","hentry"],"_links":{"self":[{"href":"https:\/\/simposiozooplanctonneotropicalouropreto.com\/pt_br\/wp-json\/wp\/v2\/pages\/1013","targetHints":{"allow":["GET"]}}],"collection":[{"href":"https:\/\/simposiozooplanctonneotropicalouropreto.com\/pt_br\/wp-json\/wp\/v2\/pages"}],"about":[{"href":"https:\/\/simposiozooplanctonneotropicalouropreto.com\/pt_br\/wp-json\/wp\/v2\/types\/page"}],"author":[{"embeddable":true,"href":"https:\/\/simposiozooplanctonneotropicalouropreto.com\/pt_br\/wp-json\/wp\/v2\/users\/1"}],"replies":[{"embeddable":true,"href":"https:\/\/simposiozooplanctonneotropicalouropreto.com\/pt_br\/wp-json\/wp\/v2\/comments?post=1013"}],"version-history":[{"count":37,"href":"https:\/\/simposiozooplanctonneotropicalouropreto.com\/pt_br\/wp-json\/wp\/v2\/pages\/1013\/revisions"}],"predecessor-version":[{"id":1244,"href":"https:\/\/simposiozooplanctonneotropicalouropreto.com\/pt_br\/wp-json\/wp\/v2\/pages\/1013\/revisions\/1244"}],"wp:attachment":[{"href":"https:\/\/simposiozooplanctonneotropicalouropreto.com\/pt_br\/wp-json\/wp\/v2\/media?parent=1013"}],"curies":[{"name":"wp","href":"https:\/\/api.w.org\/{rel}","templated":true}]}}